{"id":55,"date":"2023-12-02T19:17:20","date_gmt":"2023-12-02T18:17:20","guid":{"rendered":"https:\/\/francescoamato.website\/index.php\/home\/"},"modified":"2026-04-04T20:20:35","modified_gmt":"2026-04-04T18:20:35","slug":"home","status":"publish","type":"page","link":"https:\/\/francescoamato.website\/","title":{"rendered":"Home"},"content":{"rendered":"\t\t<div data-elementor-type=\"wp-page\" data-elementor-id=\"55\" class=\"elementor elementor-55\" data-elementor-post-type=\"page\">\n\t\t\t\t<div class=\"elementor-element elementor-element-511dedfc e-flex e-con-boxed e-con e-parent\" data-id=\"511dedfc\" data-element_type=\"container\" data-e-type=\"container\" data-settings=\"{&quot;background_background&quot;:&quot;slideshow&quot;,&quot;background_slideshow_gallery&quot;:[{&quot;id&quot;:140,&quot;url&quot;:&quot;https:\\\/\\\/francescoamato.website\\\/wp-content\\\/uploads\\\/2023\\\/12\\\/14.jpg&quot;},{&quot;id&quot;:141,&quot;url&quot;:&quot;https:\\\/\\\/francescoamato.website\\\/wp-content\\\/uploads\\\/2023\\\/12\\\/15.jpg&quot;},{&quot;id&quot;:589,&quot;url&quot;:&quot;https:\\\/\\\/francescoamato.website\\\/wp-content\\\/uploads\\\/2024\\\/07\\\/francesco_amato_luce_movimento_2.jpg&quot;},{&quot;id&quot;:590,&quot;url&quot;:&quot;https:\\\/\\\/francescoamato.website\\\/wp-content\\\/uploads\\\/2024\\\/07\\\/francesco_amato_luce_movimento.jpg&quot;},{&quot;id&quot;:499,&quot;url&quot;:&quot;https:\\\/\\\/francescoamato.website\\\/wp-content\\\/uploads\\\/2024\\\/06\\\/IMG_0459.jpg&quot;},{&quot;id&quot;:409,&quot;url&quot;:&quot;https:\\\/\\\/francescoamato.website\\\/wp-content\\\/uploads\\\/2024\\\/06\\\/fmato_tramonto.jpg&quot;},{&quot;id&quot;:599,&quot;url&quot;:&quot;https:\\\/\\\/francescoamato.website\\\/wp-content\\\/uploads\\\/2024\\\/07\\\/francesco_amato_luce_movimento_4.jpg&quot;},{&quot;id&quot;:516,&quot;url&quot;:&quot;https:\\\/\\\/francescoamato.website\\\/wp-content\\\/uploads\\\/2024\\\/06\\\/SOSTITUTA.jpg&quot;},{&quot;id&quot;:594,&quot;url&quot;:&quot;https:\\\/\\\/francescoamato.website\\\/wp-content\\\/uploads\\\/2024\\\/07\\\/francesco_amato_luce_movimento_3.jpg&quot;},{&quot;id&quot;:505,&quot;url&quot;:&quot;https:\\\/\\\/francescoamato.website\\\/wp-content\\\/uploads\\\/2024\\\/06\\\/IMG_0741-scaled.jpg&quot;}],&quot;background_slideshow_loop&quot;:&quot;yes&quot;,&quot;background_slideshow_slide_duration&quot;:5000,&quot;background_slideshow_slide_transition&quot;:&quot;fade&quot;,&quot;background_slideshow_transition_duration&quot;:500}\">\n\t\t\t\t\t<div class=\"e-con-inner\">\n\t\t\t\t<div class=\"elementor-element elementor-element-744ddc7c elementor-widget elementor-widget-heading\" data-id=\"744ddc7c\" data-element_type=\"widget\" data-e-type=\"widget\" data-widget_type=\"heading.default\">\n\t\t\t\t<div class=\"elementor-widget-container\">\n\t\t\t\t\t<h6 class=\"elementor-heading-title elementor-size-default\">BENVENUTO SU QUESTO SITO<\/h6>\t\t\t\t<\/div>\n\t\t\t\t<\/div>\n\t\t\t\t<div class=\"elementor-element elementor-element-592b6334 elementor-widget elementor-widget-heading\" data-id=\"592b6334\" data-element_type=\"widget\" data-e-type=\"widget\" data-widget_type=\"heading.default\">\n\t\t\t\t<div class=\"elementor-widget-container\">\n\t\t\t\t\t<div class=\"elementor-heading-title elementor-size-default\">Siate sempre lieti, \n<br \/>pregate ininterrottamente<\/div>\t\t\t\t<\/div>\n\t\t\t\t<\/div>\n\t\t\t\t<div class=\"elementor-element elementor-element-42e2a7d8 elementor-widget elementor-widget-heading\" data-id=\"42e2a7d8\" data-element_type=\"widget\" data-e-type=\"widget\" data-widget_type=\"heading.default\">\n\t\t\t\t<div class=\"elementor-widget-container\">\n\t\t\t\t\t<h5 class=\"elementor-heading-title elementor-size-default\">in ogni cosa rendete grazie: questa infatti \u00e8 volont\u00e0 di Dio in Cristo Ges\u00f9\u200b \n [ 1 Ts 16-18 ]<\/h5>\t\t\t\t<\/div>\n\t\t\t\t<\/div>\n\t\t\t\t<div class=\"elementor-element elementor-element-9e479ae elementor-align-center elementor-widget elementor-widget-button\" data-id=\"9e479ae\" data-element_type=\"widget\" data-e-type=\"widget\" data-widget_type=\"button.default\">\n\t\t\t\t<div class=\"elementor-widget-container\">\n\t\t\t\t\t\t\t\t\t<div class=\"elementor-button-wrapper\">\n\t\t\t\t\t<a class=\"elementor-button elementor-button-link elementor-size-sm\" href=\"https:\/\/francescoamato.website\/index.php\/contatti\/\">\n\t\t\t\t\t\t<span class=\"elementor-button-content-wrapper\">\n\t\t\t\t\t\t\t\t\t<span class=\"elementor-button-text\">Contact us<\/span>\n\t\t\t\t\t<\/span>\n\t\t\t\t\t<\/a>\n\t\t\t\t<\/div>\n\t\t\t\t\t\t\t\t<\/div>\n\t\t\t\t<\/div>\n\t\t\t\t\t<\/div>\n\t\t\t\t<\/div>\n\t\t<div class=\"elementor-element elementor-element-307b3e9e e-flex e-con-boxed e-con e-parent\" data-id=\"307b3e9e\" data-element_type=\"container\" data-e-type=\"container\">\n\t\t\t\t\t<div class=\"e-con-inner\">\n\t\t<div class=\"elementor-element elementor-element-7b6ecedd e-con-full e-flex e-con e-child\" data-id=\"7b6ecedd\" data-element_type=\"container\" data-e-type=\"container\">\n\t\t\t\t<div class=\"elementor-element elementor-element-5e492c3 elementor-widget elementor-widget-heading\" data-id=\"5e492c3\" data-element_type=\"widget\" data-e-type=\"widget\" data-widget_type=\"heading.default\">\n\t\t\t\t<div class=\"elementor-widget-container\">\n\t\t\t\t\t<h5 class=\"elementor-heading-title elementor-size-default\">Il Signore ti benedica e ti custodisca, mostri a te il suo volto e abbia misericordia di te. Rivolga verso di te il suo sguardo e ti dia pace.<\/h5>\t\t\t\t<\/div>\n\t\t\t\t<\/div>\n\t\t<div class=\"elementor-element elementor-element-ce4503f e-flex e-con-boxed e-con e-child\" data-id=\"ce4503f\" data-element_type=\"container\" data-e-type=\"container\">\n\t\t\t\t\t<div class=\"e-con-inner\">\n\t\t\t\t<div class=\"elementor-element elementor-element-fe7fae6 elementor-widget elementor-widget-video\" data-id=\"fe7fae6\" data-element_type=\"widget\" data-e-type=\"widget\" data-settings=\"{&quot;youtube_url&quot;:&quot;https:\\\/\\\/www.youtube.com\\\/watch?v=ikYGiex2Q-k&quot;,&quot;video_type&quot;:&quot;youtube&quot;,&quot;controls&quot;:&quot;yes&quot;}\" data-widget_type=\"video.default\">\n\t\t\t\t<div class=\"elementor-widget-container\">\n\t\t\t\t\t\t\t<div class=\"elementor-wrapper elementor-open-inline\">\n\t\t\t<div class=\"elementor-video\"><\/div>\t\t<\/div>\n\t\t\t\t\t\t<\/div>\n\t\t\t\t<\/div>\n\t\t\t\t\t<\/div>\n\t\t\t\t<\/div>\n\t\t\t\t<\/div>\n\t\t<div class=\"elementor-element elementor-element-c80c5a8 e-con-full e-flex e-con e-child\" data-id=\"c80c5a8\" data-element_type=\"container\" data-e-type=\"container\">\n\t\t\t\t<div class=\"elementor-element elementor-element-27b8b82 elementor-widget elementor-widget-wp-widget-recent-posts\" data-id=\"27b8b82\" data-element_type=\"widget\" data-e-type=\"widget\" data-widget_type=\"wp-widget-recent-posts.default\">\n\t\t\t\t<div class=\"elementor-widget-container\">\n\t\t\t\t\t\n\t\t\n\t\t<h5>Articoli recenti<\/h5><nav aria-label=\"Articoli recenti\">\n\t\t<ul>\n\t\t\t\t\t\t\t\t\t\t\t<li>\n\t\t\t\t\t<a href=\"https:\/\/francescoamato.website\/index.php\/2026\/04\/04\/pray-04-04-2026\/\">#PRAY 04-04-2026<\/a>\n\t\t\t\t\t\t\t\t\t<\/li>\n\t\t\t\t\t\t\t\t\t\t\t<li>\n\t\t\t\t\t<a href=\"https:\/\/francescoamato.website\/index.php\/2026\/02\/14\/pray-14-02-2026\/\">#PRAY 14-02-2026<\/a>\n\t\t\t\t\t\t\t\t\t<\/li>\n\t\t\t\t\t\t\t\t\t\t\t<li>\n\t\t\t\t\t<a href=\"https:\/\/francescoamato.website\/index.php\/2026\/02\/14\/la-regina-di-saba-vide-tutta-la-sapienza-di-salomone\/\">La regina di Saba vide tutta la sapienza di Salomone<\/a>\n\t\t\t\t\t\t\t\t\t<\/li>\n\t\t\t\t\t\t\t\t\t\t\t<li>\n\t\t\t\t\t<a href=\"https:\/\/francescoamato.website\/index.php\/2026\/02\/14\/ascolta-la-supplica-del-tuo-servo-e-del-tuo-popolo-israele-quando-pregheranno-in-questo-luogo-1-re-830\/\">\u200b&#8221;Ascolta la supplica del tuo servo e del tuo popolo Israele, quando pregheranno in questo luogo.&#8221; (1 Re 8,30)<\/a>\n\t\t\t\t\t\t\t\t\t<\/li>\n\t\t\t\t\t\t\t\t\t\t\t<li>\n\t\t\t\t\t<a href=\"https:\/\/francescoamato.website\/index.php\/2026\/02\/14\/io-ho-peccato-facendo-il-censimento-ma-queste-pecore-che-hanno-fatto-2-sam-24-2-9-17\/\">Io ho peccato facendo il censimento; ma queste pecore che hanno fatto? ( 2 Sam 24, 2.9-17 )<\/a>\n\t\t\t\t\t\t\t\t\t<\/li>\n\t\t\t\t\t\t\t\t\t\t\t<li>\n\t\t\t\t\t<a href=\"https:\/\/francescoamato.website\/index.php\/2026\/02\/14\/la-lampada-viene-per-essere-messa-sul-candelabro\/\">La lampada viene per essere messa sul candelabro.<\/a>\n\t\t\t\t\t\t\t\t\t<\/li>\n\t\t\t\t\t\t\t\t\t\t\t<li>\n\t\t\t\t\t<a href=\"https:\/\/francescoamato.website\/index.php\/2026\/02\/14\/lorgoglio-e-lumilta-hanno-due-ritmi-biologici-opposti-lorgoglio-e-unesplosione-lumilta-e-una-gestazione\/\">L&#8217;orgoglio e l&#8217;umilt\u00e0 hanno due ritmi biologici opposti: l&#8217;orgoglio \u00e8 un&#8217;esplosione, l&#8217;umilt\u00e0 \u00e8 una gestazione.<\/a>\n\t\t\t\t\t\t\t\t\t<\/li>\n\t\t\t\t\t\t\t\t\t\t\t<li>\n\t\t\t\t\t<a href=\"https:\/\/francescoamato.website\/index.php\/2026\/02\/14\/figlio-le-tue-attivita-non-riguardino-troppe-cose-se-le-moltiplichi-non-sarai-esente-da-colpa-siracide-1110\/\">Figlio, le tue attivit\u00e0 non riguardino troppe cose: se le moltiplichi, non sarai esente da colpa (Siracide 11,10)<\/a>\n\t\t\t\t\t\t\t\t\t<\/li>\n\t\t\t\t\t\t\t\t\t\t\t<li>\n\t\t\t\t\t<a href=\"https:\/\/francescoamato.website\/index.php\/2026\/02\/14\/custode-del-fratello\/\">Custode del fratello<\/a>\n\t\t\t\t\t\t\t\t\t<\/li>\n\t\t\t\t\t<\/ul>\n\n\t\t<\/nav>\t\t\t\t<\/div>\n\t\t\t\t<\/div>\n\t\t\t\t<\/div>\n\t\t\t\t\t<\/div>\n\t\t\t\t<\/div>\n\t\t<div class=\"elementor-element elementor-element-9e0ff33 e-flex e-con-boxed e-con e-parent\" data-id=\"9e0ff33\" data-element_type=\"container\" data-e-type=\"container\">\n\t\t\t\t\t<div class=\"e-con-inner\">\n\t\t\t\t\t<\/div>\n\t\t\t\t<\/div>\n\t\t\t\t<\/div>\n\t\t","protected":false},"excerpt":{"rendered":"<p>BENVENUTO SU QUESTO SITO Siate sempre lieti, pregate ininterrottamente in ogni cosa rendete grazie: questa infatti \u00e8 volont\u00e0 di Dio in Cristo Ges\u00f9\u200b [ 1 Ts 16-18 ] Contact us Il Signore ti benedica e ti custodisca, mostri a te il suo volto e abbia misericordia di te. Rivolga verso di te il suo sguardo [&hellip;]<\/p>\n","protected":false},"author":1,"featured_media":0,"parent":0,"menu_order":0,"comment_status":"closed","ping_status":"closed","template":"elementor_header_footer","meta":{"footnotes":""},"class_list":["post-55","page","type-page","status-publish","hentry"],"_links":{"self":[{"href":"https:\/\/francescoamato.website\/index.php\/wp-json\/wp\/v2\/pages\/55","targetHints":{"allow":["GET"]}}],"collection":[{"href":"https:\/\/francescoamato.website\/index.php\/wp-json\/wp\/v2\/pages"}],"about":[{"href":"https:\/\/francescoamato.website\/index.php\/wp-json\/wp\/v2\/types\/page"}],"author":[{"embeddable":true,"href":"https:\/\/francescoamato.website\/index.php\/wp-json\/wp\/v2\/users\/1"}],"replies":[{"embeddable":true,"href":"https:\/\/francescoamato.website\/index.php\/wp-json\/wp\/v2\/comments?post=55"}],"version-history":[{"count":331,"href":"https:\/\/francescoamato.website\/index.php\/wp-json\/wp\/v2\/pages\/55\/revisions"}],"predecessor-version":[{"id":1166,"href":"https:\/\/francescoamato.website\/index.php\/wp-json\/wp\/v2\/pages\/55\/revisions\/1166"}],"wp:attachment":[{"href":"https:\/\/francescoamato.website\/index.php\/wp-json\/wp\/v2\/media?parent=55"}],"curies":[{"name":"wp","href":"https:\/\/api.w.org\/{rel}","templated":true}]}}