{"id":70,"date":"2023-12-02T19:17:25","date_gmt":"2023-12-02T18:17:25","guid":{"rendered":"https:\/\/francescoamato.website\/index.php\/about\/"},"modified":"2024-06-29T22:29:56","modified_gmt":"2024-06-29T20:29:56","slug":"chi-sono","status":"publish","type":"page","link":"https:\/\/francescoamato.website\/index.php\/chi-sono\/","title":{"rendered":"Chi sono"},"content":{"rendered":"\t\t<div data-elementor-type=\"wp-page\" data-elementor-id=\"70\" class=\"elementor elementor-70\" data-elementor-post-type=\"page\">\n\t\t\t\t<div class=\"elementor-element elementor-element-23bfdf8d e-con-full e-flex e-con e-parent\" data-id=\"23bfdf8d\" data-element_type=\"container\" data-e-type=\"container\">\n\t\t<div class=\"elementor-element elementor-element-b3febfc e-con-full e-flex e-con e-child\" data-id=\"b3febfc\" data-element_type=\"container\" data-e-type=\"container\">\n\t\t\t\t<div class=\"elementor-element elementor-element-2081fa83 elementor-widget elementor-widget-heading\" data-id=\"2081fa83\" data-element_type=\"widget\" data-e-type=\"widget\" data-widget_type=\"heading.default\">\n\t\t\t\t<div class=\"elementor-widget-container\">\n\t\t\t\t\t<h1 class=\"elementor-heading-title elementor-size-default\">Chi sono?<\/h1>\t\t\t\t<\/div>\n\t\t\t\t<\/div>\n\t\t\t\t<div class=\"elementor-element elementor-element-1420eb3 elementor-widget elementor-widget-text-editor\" data-id=\"1420eb3\" data-element_type=\"widget\" data-e-type=\"widget\" data-widget_type=\"text-editor.default\">\n\t\t\t\t<div class=\"elementor-widget-container\">\n\t\t\t\t\t\t\t\t\t<p>Sono un cristiano in costante cammino di fede, innamorato di Cristo e impegnato a vivere secondo i valori del Vangelo. La fede \u00e8 il piu&#8217; grande dono che ho ricevuto ed \u00e8 il fulcro della mia vita. E&#8217; di sostegno ed ispirazione in ogni momento e decisione. Cosi come posso cerco di impegnarmi a crescere e a condividere la mia esperienza\u00a0\u00a0 con chiunque incontro.<\/p>\t\t\t\t\t\t\t\t<\/div>\n\t\t\t\t<\/div>\n\t\t\t\t<\/div>\n\t\t<div class=\"elementor-element elementor-element-79635b6b e-con-full e-flex e-con e-child\" data-id=\"79635b6b\" data-element_type=\"container\" data-e-type=\"container\" data-settings=\"{&quot;background_background&quot;:&quot;classic&quot;}\">\n\t\t\t\t<div class=\"elementor-element elementor-element-71324f0 elementor-widget elementor-widget-image\" data-id=\"71324f0\" data-element_type=\"widget\" data-e-type=\"widget\" data-widget_type=\"image.default\">\n\t\t\t\t<div class=\"elementor-widget-container\">\n\t\t\t\t\t\t\t\t\t\t\t\t\t\t\t<img fetchpriority=\"high\" decoding=\"async\" width=\"800\" height=\"533\" src=\"https:\/\/francescoamato.website\/wp-content\/uploads\/2024\/06\/famato_tranonto_primo_piano-1024x682.jpg\" class=\"attachment-large size-large wp-image-431\" alt=\"Francesco Amato - Tramonto\" srcset=\"https:\/\/francescoamato.website\/wp-content\/uploads\/2024\/06\/famato_tranonto_primo_piano-1024x682.jpg 1024w, https:\/\/francescoamato.website\/wp-content\/uploads\/2024\/06\/famato_tranonto_primo_piano-300x200.jpg 300w, https:\/\/francescoamato.website\/wp-content\/uploads\/2024\/06\/famato_tranonto_primo_piano-768x512.jpg 768w, https:\/\/francescoamato.website\/wp-content\/uploads\/2024\/06\/famato_tranonto_primo_piano.jpg 1400w\" sizes=\"(max-width: 800px) 100vw, 800px\" \/>\t\t\t\t\t\t\t\t\t\t\t\t\t\t\t<\/div>\n\t\t\t\t<\/div>\n\t\t\t\t<\/div>\n\t\t\t\t<\/div>\n\t\t<div class=\"elementor-element elementor-element-76bf9fd1 e-con-full e-flex e-con e-parent\" data-id=\"76bf9fd1\" data-element_type=\"container\" data-e-type=\"container\">\n\t\t<div class=\"elementor-element elementor-element-4a70b25 e-con-full e-flex e-con e-child\" data-id=\"4a70b25\" data-element_type=\"container\" data-e-type=\"container\" data-settings=\"{&quot;background_background&quot;:&quot;classic&quot;}\">\n\t\t\t\t<div class=\"elementor-element elementor-element-c430cd8 elementor-widget elementor-widget-image\" data-id=\"c430cd8\" data-element_type=\"widget\" data-e-type=\"widget\" data-widget_type=\"image.default\">\n\t\t\t\t<div class=\"elementor-widget-container\">\n\t\t\t\t\t\t\t\t\t\t\t\t\t\t\t<img decoding=\"async\" width=\"2179\" height=\"1453\" src=\"https:\/\/francescoamato.website\/wp-content\/uploads\/2024\/06\/IMG_0459.jpg\" class=\"attachment-full size-full wp-image-499\" alt=\"Francesco Amato - Tramonto\" srcset=\"https:\/\/francescoamato.website\/wp-content\/uploads\/2024\/06\/IMG_0459.jpg 2179w, https:\/\/francescoamato.website\/wp-content\/uploads\/2024\/06\/IMG_0459-300x200.jpg 300w, https:\/\/francescoamato.website\/wp-content\/uploads\/2024\/06\/IMG_0459-1024x683.jpg 1024w, https:\/\/francescoamato.website\/wp-content\/uploads\/2024\/06\/IMG_0459-768x512.jpg 768w, https:\/\/francescoamato.website\/wp-content\/uploads\/2024\/06\/IMG_0459-1536x1024.jpg 1536w, https:\/\/francescoamato.website\/wp-content\/uploads\/2024\/06\/IMG_0459-2048x1366.jpg 2048w\" sizes=\"(max-width: 2179px) 100vw, 2179px\" \/>\t\t\t\t\t\t\t\t\t\t\t\t\t\t\t<\/div>\n\t\t\t\t<\/div>\n\t\t\t\t<\/div>\n\t\t<div class=\"elementor-element elementor-element-4c6e1e33 e-con-full e-flex e-con e-child\" data-id=\"4c6e1e33\" data-element_type=\"container\" data-e-type=\"container\">\n\t\t\t\t<div class=\"elementor-element elementor-element-3c48b2cf elementor-widget elementor-widget-heading\" data-id=\"3c48b2cf\" data-element_type=\"widget\" data-e-type=\"widget\" data-widget_type=\"heading.default\">\n\t\t\t\t<div class=\"elementor-widget-container\">\n\t\t\t\t\t<h2 class=\"elementor-heading-title elementor-size-default\">La fotografia<\/h2>\t\t\t\t<\/div>\n\t\t\t\t<\/div>\n\t\t\t\t<div class=\"elementor-element elementor-element-756b36a3 elementor-widget elementor-widget-text-editor\" data-id=\"756b36a3\" data-element_type=\"widget\" data-e-type=\"widget\" data-widget_type=\"text-editor.default\">\n\t\t\t\t<div class=\"elementor-widget-container\">\n\t\t\t\t\t\t\t\t\t<p>La fotografia permette di catturare la bellezza del mondo che ci circonda ed immortalare istanti di grazia e meraviglia. Ogni scatto d\u00e0 l&#8217;opportunit\u00e0 di\u00a0 condividere la gioia e la bellezza del creato dando un senso profondo di gratitutine verso il Creatore.<\/p>\t\t\t\t\t\t\t\t<\/div>\n\t\t\t\t<\/div>\n\t\t\t\t<\/div>\n\t\t\t\t<\/div>\n\t\t<div class=\"elementor-element elementor-element-7856174 e-flex e-con-boxed e-con e-parent\" data-id=\"7856174\" data-element_type=\"container\" data-e-type=\"container\" data-settings=\"{&quot;background_background&quot;:&quot;classic&quot;}\">\n\t\t\t\t\t<div class=\"e-con-inner\">\n\t\t\t\t<div class=\"elementor-element elementor-element-5c896f69 elementor-view-default elementor-position-block-start elementor-mobile-position-block-start elementor-widget elementor-widget-icon-box\" data-id=\"5c896f69\" data-element_type=\"widget\" data-e-type=\"widget\" data-widget_type=\"icon-box.default\">\n\t\t\t\t<div class=\"elementor-widget-container\">\n\t\t\t\t\t\t\t<div class=\"elementor-icon-box-wrapper\">\n\n\t\t\t\t\t\t<div class=\"elementor-icon-box-icon\">\n\t\t\t\t<span  class=\"elementor-icon\">\n\t\t\t\t<svg xmlns=\"http:\/\/www.w3.org\/2000\/svg\" id=\"a4a99671-1fc3-4568-98bf-7fc5746e910a\" data-name=\"Layer 1\" width=\"114\" height=\"79\" viewBox=\"0 0 114 79\"><polygon points=\"32.677 0 0 78.265 36.391 78.265 57.928 0 32.677 0\"><\/polygon><polygon points=\"88.749 0.735 56.072 79 92.463 79 114 0.735 88.749 0.735\"><\/polygon><\/svg>\t\t\t\t<\/span>\n\t\t\t<\/div>\n\t\t\t\n\t\t\t\t\t\t<div class=\"elementor-icon-box-content\">\n\n\t\t\t\t\t\t\t\t\t<h3 class=\"elementor-icon-box-title\">\n\t\t\t\t\t\t<span  >\n\t\t\t\t\t\t\tQueste dunque le tre cose che rimangono: la fede, la speranza e la carit\u00e0; ma di tutte pi\u00f9 grande \u00e8 la carit\u00e0\t\t\t\t\t\t<\/span>\n\t\t\t\t\t<\/h3>\n\t\t\t\t\n\t\t\t\t\t\t\t\t\t<p class=\"elementor-icon-box-description\">\n\t\t\t\t\t\t1 Corinzi 13,13\t\t\t\t\t<\/p>\n\t\t\t\t\n\t\t\t<\/div>\n\t\t\t\n\t\t<\/div>\n\t\t\t\t\t\t<\/div>\n\t\t\t\t<\/div>\n\t\t\t\t\t<\/div>\n\t\t\t\t<\/div>\n\t\t\t\t<\/div>\n\t\t","protected":false},"excerpt":{"rendered":"<p>Chi sono? Sono un cristiano in costante cammino di fede, innamorato di Cristo e impegnato a vivere secondo i valori del Vangelo. La fede \u00e8 il piu&#8217; grande dono che ho ricevuto ed \u00e8 il fulcro della mia vita. E&#8217; di sostegno ed ispirazione in ogni momento e decisione. Cosi come posso cerco di impegnarmi [&hellip;]<\/p>\n","protected":false},"author":1,"featured_media":0,"parent":0,"menu_order":0,"comment_status":"closed","ping_status":"closed","template":"elementor_header_footer","meta":{"footnotes":""},"class_list":["post-70","page","type-page","status-publish","hentry"],"_links":{"self":[{"href":"https:\/\/francescoamato.website\/index.php\/wp-json\/wp\/v2\/pages\/70","targetHints":{"allow":["GET"]}}],"collection":[{"href":"https:\/\/francescoamato.website\/index.php\/wp-json\/wp\/v2\/pages"}],"about":[{"href":"https:\/\/francescoamato.website\/index.php\/wp-json\/wp\/v2\/types\/page"}],"author":[{"embeddable":true,"href":"https:\/\/francescoamato.website\/index.php\/wp-json\/wp\/v2\/users\/1"}],"replies":[{"embeddable":true,"href":"https:\/\/francescoamato.website\/index.php\/wp-json\/wp\/v2\/comments?post=70"}],"version-history":[{"count":104,"href":"https:\/\/francescoamato.website\/index.php\/wp-json\/wp\/v2\/pages\/70\/revisions"}],"predecessor-version":[{"id":579,"href":"https:\/\/francescoamato.website\/index.php\/wp-json\/wp\/v2\/pages\/70\/revisions\/579"}],"wp:attachment":[{"href":"https:\/\/francescoamato.website\/index.php\/wp-json\/wp\/v2\/media?parent=70"}],"curies":[{"name":"wp","href":"https:\/\/api.w.org\/{rel}","templated":true}]}}